{"id":284,"date":"2020-07-19T20:44:38","date_gmt":"2020-07-19T18:44:38","guid":{"rendered":"https:\/\/www.konrad-engel.de\/impressum\/"},"modified":"2022-02-20T19:03:45","modified_gmt":"2022-02-20T18:03:45","slug":"impressum","status":"publish","type":"page","link":"https:\/\/www.konrad-engel.de\/en\/impressum\/","title":{"rendered":"Impressum"},"content":{"rendered":"\n<style type=\"text\/css\" data-created_by=\"avia_inline_auto\" id=\"style-css-av-kctgnfu2-74dbe884dc235194015522a44b768c62\">\n.avia-section.av-kctgnfu2-74dbe884dc235194015522a44b768c62{\nbackground-color:#000000;\nbackground-image:url(https:\/\/www.konrad-engel.de\/wp-content\/uploads\/kme-h-22-05-600x400.jpg);\nbackground-repeat:no-repeat;\nbackground-position:100% 0%;\nbackground-attachment:scroll;\nmargin-top:0px;\nmargin-bottom:0px;\n}\n<\/style>\n<div id='av_section_1'  class='avia-section av-kctgnfu2-74dbe884dc235194015522a44b768c62 main_color avia-section-no-padding avia-no-border-styling  avia-builder-el-0  el_before_av_two_third  avia-builder-el-first  avia-full-contain avia-bg-style-scroll av-minimum-height av-minimum-height-custom  container_wrap sidebar_right'  data-section-bg-repeat='contain' data-av_minimum_height_px='350'><div class='container av-section-cont-open' style='height:350px'><main  role=\"main\" itemprop=\"mainContentOfPage\"  class='template-page content  av-content-small alpha units'><div class='post-entry post-entry-type-page post-entry-284'><div class='entry-content-wrapper clearfix'><\/div><\/div><\/main><!-- close content main element --><\/div><\/div><div id='after_section_1'  class='main_color av_default_container_wrap container_wrap sidebar_right'  ><div class='container av-section-cont-open' ><div class='template-page content  av-content-small alpha units'><div class='post-entry post-entry-type-page post-entry-284'><div class='entry-content-wrapper clearfix'>\n\n<style type=\"text\/css\" data-created_by=\"avia_inline_auto\" id=\"style-css-av-kevbdqb8-3884b4d8cd1b27f37eee5ef88552ba94\">\n.flex_column.av-kevbdqb8-3884b4d8cd1b27f37eee5ef88552ba94{\n-webkit-border-radius:0px 0px 0px 0px;\n-moz-border-radius:0px 0px 0px 0px;\nborder-radius:0px 0px 0px 0px;\npadding:0px 0px 0px 0px;\n}\n<\/style>\n<div class='flex_column av-kevbdqb8-3884b4d8cd1b27f37eee5ef88552ba94 av_two_third  avia-builder-el-1  el_after_av_section  avia-builder-el-no-sibling  bg-column-left topmargin first flex_column_div av-zero-column-padding '     ><section  class='av_textblock_section av-kevbdcof-4f6c43008253bb86623c4c06f8f57ee0'  itemscope=\"itemscope\" itemtype=\"https:\/\/schema.org\/CreativeWork\" ><div class='avia_textblock'  itemprop=\"text\" ><h1>Impressum<\/h1>\n<h2>Angaben gem\u00e4\u00df\u00a0\u00a7 5 TMG:<\/h2>\n<p><strong>Konrad Maria Engel<\/strong><br \/>\nAn der Wuhlheide 204<br \/>\n12459 Berlin<\/p>\n<p>Telefon: +49 30 30 30 44 69<br \/>\nMail: <a href=\"mailto:info@konrad-maria-engel.de\">info@konrad-maria-engel.de<\/a><\/p>\n<h2>Haftungsausschluss (Disclaimer)<\/h2>\n<h3>Haftung f\u00fcr Inhalte<\/h3>\n<p>Als Diensteanbieter sind wir gem\u00e4\u00df \u00a7 7 Abs.1 TMG f\u00fcr eigene Inhalte auf diesen Seiten nach den allgemeinen Gesetzen verantwortlich. Nach \u00a7\u00a7 8 bis 10 TMG sind wir als Diensteanbieter jedoch nicht verpflichtet, \u00fcbermittelte oder gespeicherte fremde Informationen zu \u00fcberwachen oder nach Umst\u00e4nden zu forschen, die auf eine rechtswidrige T\u00e4tigkeit hinweisen. Verpflichtungen zur Entfernung oder Sperrung der Nutzung von Informationen nach den allgemeinen Gesetzen bleiben hiervon unber\u00fchrt. Eine diesbez\u00fcgliche Haftung ist jedoch erst ab dem Zeitpunkt der Kenntnis einer konkreten Rechtsverletzung m\u00f6glich. Bei Bekanntwerden von entsprechenden Rechtsverletzungen werden wir diese Inhalte umgehend entfernen.<\/p>\n<h3>Urheberrecht<\/h3>\n<p>Die durch die Seitenbetreiber erstellten Inhalte und Werke auf diesen Seiten unterliegen dem deutschen Urheberrecht. Die Vervielf\u00e4ltigung, Bearbeitung, Verbreitung und jede Art der Verwertung au\u00dferhalb der Grenzen des Urheberrechtes bed\u00fcrfen der schriftlichen Zustimmung des jeweiligen Autors bzw. Erstellers. Downloads und Kopien dieser Seite sind nur f\u00fcr den privaten, nicht kommerziellen Gebrauch gestattet. Soweit die Inhalte auf dieser Seite nicht vom Betreiber erstellt wurden, werden die Urheberrechte Dritter beachtet. Insbesondere werden Inhalte Dritter als solche gekennzeichnet. Sollten Sie trotzdem auf eine Urheberrechtsverletzung aufmerksam werden, bitten wir um einen entsprechenden Hinweis. Bei Bekanntwerden von Rechtsverletzungen werden wir derartige Inhalte umgehend entfernen.<\/p>\n<h2>Realisierung<\/h2>\n<p><a href=\"https:\/\/www.wertbar.com\/corporatewebsite\/\">WERTBAR | B\u00fcro f\u00fcr Digitales.<\/a><\/p>\n<\/div><\/section><\/div>\n\n<style type=\"text\/css\" data-created_by=\"avia_inline_auto\" id=\"style-css-av-3jyd-ffdab3e117d2f4ff5ff72eb931d1c29b\">\n.flex_column.av-3jyd-ffdab3e117d2f4ff5ff72eb931d1c29b{\n-webkit-border-radius:0px 0px 0px 0px;\n-moz-border-radius:0px 0px 0px 0px;\nborder-radius:0px 0px 0px 0px;\npadding:0px 0px 0px 0px;\n}\n<\/style>\n<div class='flex_column av-3jyd-ffdab3e117d2f4ff5ff72eb931d1c29b av_one_third flex_column_div av-zero-column-padding '     ><\/div>\n","protected":false},"excerpt":{"rendered":"","protected":false},"author":1,"featured_media":0,"parent":0,"menu_order":0,"comment_status":"closed","ping_status":"closed","template":"","meta":{"footnotes":""},"class_list":["post-284","page","type-page","status-publish","hentry"],"yoast_head":"<!-- This site is optimized with the Yoast SEO plugin v27.3 - https:\/\/yoast.com\/product\/yoast-seo-wordpress\/ -->\n<title>Impressum - Konrad Engel<\/title>\n<meta name=\"robots\" content=\"index, follow, max-snippet:-1, max-image-preview:large, max-video-preview:-1\" \/>\n<link rel=\"canonical\" href=\"https:\/\/www.konrad-engel.de\/en\/impressum\/\" \/>\n<meta property=\"og:locale\" content=\"en_US\" \/>\n<meta property=\"og:type\" content=\"article\" \/>\n<meta property=\"og:title\" content=\"Impressum - Konrad Engel\" \/>\n<meta property=\"og:url\" content=\"https:\/\/www.konrad-engel.de\/en\/impressum\/\" \/>\n<meta property=\"og:site_name\" content=\"Konrad Engel\" \/>\n<meta property=\"article:modified_time\" content=\"2022-02-20T18:03:45+00:00\" \/>\n<meta name=\"twitter:card\" content=\"summary_large_image\" \/>\n<meta name=\"twitter:label1\" content=\"Est. reading time\" \/>\n\t<meta name=\"twitter:data1\" content=\"4 minutes\" \/>\n<script type=\"application\/ld+json\" class=\"yoast-schema-graph\">{\"@context\":\"https:\\\/\\\/schema.org\",\"@graph\":[{\"@type\":\"WebPage\",\"@id\":\"https:\\\/\\\/www.konrad-engel.de\\\/en\\\/impressum\\\/\",\"url\":\"https:\\\/\\\/www.konrad-engel.de\\\/en\\\/impressum\\\/\",\"name\":\"Impressum - Konrad Engel\",\"isPartOf\":{\"@id\":\"https:\\\/\\\/www.konrad-engel.de\\\/en\\\/#website\"},\"datePublished\":\"2020-07-19T18:44:38+00:00\",\"dateModified\":\"2022-02-20T18:03:45+00:00\",\"breadcrumb\":{\"@id\":\"https:\\\/\\\/www.konrad-engel.de\\\/en\\\/impressum\\\/#breadcrumb\"},\"inLanguage\":\"en-US\",\"potentialAction\":[{\"@type\":\"ReadAction\",\"target\":[\"https:\\\/\\\/www.konrad-engel.de\\\/en\\\/impressum\\\/\"]}]},{\"@type\":\"BreadcrumbList\",\"@id\":\"https:\\\/\\\/www.konrad-engel.de\\\/en\\\/impressum\\\/#breadcrumb\",\"itemListElement\":[{\"@type\":\"ListItem\",\"position\":1,\"name\":\"Startseite\",\"item\":\"https:\\\/\\\/www.konrad-engel.de\\\/en\\\/\"},{\"@type\":\"ListItem\",\"position\":2,\"name\":\"Impressum\"}]},{\"@type\":\"WebSite\",\"@id\":\"https:\\\/\\\/www.konrad-engel.de\\\/en\\\/#website\",\"url\":\"https:\\\/\\\/www.konrad-engel.de\\\/en\\\/\",\"name\":\"Konrad Engel\",\"description\":\"Klavierp\u00e4dagoge, Pianist\",\"publisher\":{\"@id\":\"https:\\\/\\\/www.konrad-engel.de\\\/en\\\/#\\\/schema\\\/person\\\/f64df546cd06529805c129dcaa3bcd3a\"},\"potentialAction\":[{\"@type\":\"SearchAction\",\"target\":{\"@type\":\"EntryPoint\",\"urlTemplate\":\"https:\\\/\\\/www.konrad-engel.de\\\/en\\\/?s={search_term_string}\"},\"query-input\":{\"@type\":\"PropertyValueSpecification\",\"valueRequired\":true,\"valueName\":\"search_term_string\"}}],\"inLanguage\":\"en-US\"},{\"@type\":[\"Person\",\"Organization\"],\"@id\":\"https:\\\/\\\/www.konrad-engel.de\\\/en\\\/#\\\/schema\\\/person\\\/f64df546cd06529805c129dcaa3bcd3a\",\"name\":\"Konrad Engel\",\"logo\":{\"@id\":\"https:\\\/\\\/www.konrad-engel.de\\\/en\\\/#\\\/schema\\\/person\\\/image\\\/\"}}]}<\/script>\n<!-- \/ Yoast SEO plugin. -->","yoast_head_json":{"title":"Impressum - Konrad Engel","robots":{"index":"index","follow":"follow","max-snippet":"max-snippet:-1","max-image-preview":"max-image-preview:large","max-video-preview":"max-video-preview:-1"},"canonical":"https:\/\/www.konrad-engel.de\/en\/impressum\/","og_locale":"en_US","og_type":"article","og_title":"Impressum - Konrad Engel","og_url":"https:\/\/www.konrad-engel.de\/en\/impressum\/","og_site_name":"Konrad Engel","article_modified_time":"2022-02-20T18:03:45+00:00","twitter_card":"summary_large_image","twitter_misc":{"Est. reading time":"4 minutes"},"schema":{"@context":"https:\/\/schema.org","@graph":[{"@type":"WebPage","@id":"https:\/\/www.konrad-engel.de\/en\/impressum\/","url":"https:\/\/www.konrad-engel.de\/en\/impressum\/","name":"Impressum - Konrad Engel","isPartOf":{"@id":"https:\/\/www.konrad-engel.de\/en\/#website"},"datePublished":"2020-07-19T18:44:38+00:00","dateModified":"2022-02-20T18:03:45+00:00","breadcrumb":{"@id":"https:\/\/www.konrad-engel.de\/en\/impressum\/#breadcrumb"},"inLanguage":"en-US","potentialAction":[{"@type":"ReadAction","target":["https:\/\/www.konrad-engel.de\/en\/impressum\/"]}]},{"@type":"BreadcrumbList","@id":"https:\/\/www.konrad-engel.de\/en\/impressum\/#breadcrumb","itemListElement":[{"@type":"ListItem","position":1,"name":"Startseite","item":"https:\/\/www.konrad-engel.de\/en\/"},{"@type":"ListItem","position":2,"name":"Impressum"}]},{"@type":"WebSite","@id":"https:\/\/www.konrad-engel.de\/en\/#website","url":"https:\/\/www.konrad-engel.de\/en\/","name":"Konrad Engel","description":"Klavierp\u00e4dagoge, Pianist","publisher":{"@id":"https:\/\/www.konrad-engel.de\/en\/#\/schema\/person\/f64df546cd06529805c129dcaa3bcd3a"},"potentialAction":[{"@type":"SearchAction","target":{"@type":"EntryPoint","urlTemplate":"https:\/\/www.konrad-engel.de\/en\/?s={search_term_string}"},"query-input":{"@type":"PropertyValueSpecification","valueRequired":true,"valueName":"search_term_string"}}],"inLanguage":"en-US"},{"@type":["Person","Organization"],"@id":"https:\/\/www.konrad-engel.de\/en\/#\/schema\/person\/f64df546cd06529805c129dcaa3bcd3a","name":"Konrad Engel","logo":{"@id":"https:\/\/www.konrad-engel.de\/en\/#\/schema\/person\/image\/"}}]}},"_links":{"self":[{"href":"https:\/\/www.konrad-engel.de\/en\/wp-json\/wp\/v2\/pages\/284","targetHints":{"allow":["GET"]}}],"collection":[{"href":"https:\/\/www.konrad-engel.de\/en\/wp-json\/wp\/v2\/pages"}],"about":[{"href":"https:\/\/www.konrad-engel.de\/en\/wp-json\/wp\/v2\/types\/page"}],"author":[{"embeddable":true,"href":"https:\/\/www.konrad-engel.de\/en\/wp-json\/wp\/v2\/users\/1"}],"replies":[{"embeddable":true,"href":"https:\/\/www.konrad-engel.de\/en\/wp-json\/wp\/v2\/comments?post=284"}],"version-history":[{"count":3,"href":"https:\/\/www.konrad-engel.de\/en\/wp-json\/wp\/v2\/pages\/284\/revisions"}],"predecessor-version":[{"id":755,"href":"https:\/\/www.konrad-engel.de\/en\/wp-json\/wp\/v2\/pages\/284\/revisions\/755"}],"wp:attachment":[{"href":"https:\/\/www.konrad-engel.de\/en\/wp-json\/wp\/v2\/media?parent=284"}],"curies":[{"name":"wp","href":"https:\/\/api.w.org\/{rel}","templated":true}]}}