{"id":255,"date":"2020-07-19T20:19:18","date_gmt":"2020-07-19T18:19:18","guid":{"rendered":"https:\/\/www.konrad-engel.de\/datenschutz\/"},"modified":"2025-05-20T17:03:14","modified_gmt":"2025-05-20T15:03:14","slug":"datenschutz","status":"publish","type":"page","link":"https:\/\/www.konrad-engel.de\/en\/datenschutz\/","title":{"rendered":"Datenschutzerkl\u00e4rung"},"content":{"rendered":"\n<style type=\"text\/css\" data-created_by=\"avia_inline_auto\" id=\"style-css-av-kctgnfu2-74dbe884dc235194015522a44b768c62\">\n.avia-section.av-kctgnfu2-74dbe884dc235194015522a44b768c62{\nbackground-color:#000000;\nbackground-image:url(https:\/\/www.konrad-engel.de\/wp-content\/uploads\/kme-h-22-05-600x400.jpg);\nbackground-repeat:no-repeat;\nbackground-position:100% 0%;\nbackground-attachment:scroll;\nmargin-top:0px;\nmargin-bottom:0px;\n}\n<\/style>\n<div id='av_section_1'  class='avia-section av-kctgnfu2-74dbe884dc235194015522a44b768c62 main_color avia-section-no-padding avia-no-border-styling  avia-builder-el-0  el_before_av_two_third  avia-builder-el-first  avia-full-contain avia-bg-style-scroll av-minimum-height av-minimum-height-custom  container_wrap sidebar_right'  data-section-bg-repeat='contain' data-av_minimum_height_px='350'><div class='container av-section-cont-open' style='height:350px'><main  role=\"main\" itemprop=\"mainContentOfPage\"  class='template-page content  av-content-small alpha units'><div class='post-entry post-entry-type-page post-entry-255'><div class='entry-content-wrapper clearfix'><\/div><\/div><\/main><!-- close content main element --><\/div><\/div><div id='after_section_1'  class='main_color av_default_container_wrap container_wrap sidebar_right'  ><div class='container av-section-cont-open' ><div class='template-page content  av-content-small alpha units'><div class='post-entry post-entry-type-page post-entry-255'><div class='entry-content-wrapper clearfix'>\n\n<style type=\"text\/css\" data-created_by=\"avia_inline_auto\" id=\"style-css-av-kevkrt5k-363a537eeee244b647553de90e6c5212\">\n.flex_column.av-kevkrt5k-363a537eeee244b647553de90e6c5212{\n-webkit-border-radius:0px 0px 0px 0px;\n-moz-border-radius:0px 0px 0px 0px;\nborder-radius:0px 0px 0px 0px;\npadding:0px 0px 0px 0px;\n}\n<\/style>\n<div class='flex_column av-kevkrt5k-363a537eeee244b647553de90e6c5212 av_two_third  avia-builder-el-1  el_after_av_section  el_before_av_one_third  avia-builder-el-first  bg-column-left topmargin first flex_column_div av-zero-column-padding '     ><section  class='av_textblock_section av-kevkv8ro-5f75e884b33bb7c4b70aec067961a2f4'  itemscope=\"itemscope\" itemtype=\"https:\/\/schema.org\/CreativeWork\" ><div class='avia_textblock'  itemprop=\"text\" ><h1>Datenschutz<\/h1>\n<h2>Name und Kontaktdaten des Verantwortlichen<\/h2>\n<p>Verantwortlicher im Sinne der Datenschutz-Grundverordnung, sonstiger in den Mitgliedstaaten der Europ\u00e4ischen Union geltenden Datenschutzgesetze und anderer Bestimmungen mit datenschutzrechtlichem Charakter ist:<\/p>\n<p><strong>Konrad Maria Engel<\/strong><br \/>\nAn der Wuhlheide 204<br \/>\n12459 Berlin<\/p>\n<p>Telefon: +49 30 30 30 44 69<br \/>\nMail:\u00a0<a href=\"mailto:info@konrad-maria-engel.de\">info@konrad-maria-engel.de<\/a><\/p>\n<h2>Allgemeines<\/h2>\n<p>Wir nehmen den Schutz Ihrer pers\u00f6nlichen Daten sehr ernst und halten uns strikt an die Bestimmungen der Datenschutzgesetze. Personenbezogene Daten werden auf dieser Website nur im technisch notwendigen Umfang oder im Zusammenhang von abgestimmten Beitr\u00e4gen erhoben. In keinem Fall werden (erhobene) Daten verkauft oder aus anderen Gr\u00fcnden an Dritte weitergegeben oder mit anderen Daten zusammengef\u00fchrt. Im Falle \u00fcberlassener Daten besteht jederzeit ein Auskunftsrecht sowie das Recht, die \u00dcberlassung jederzeit widerrufen.<\/p>\n<h3>Betroffenenrechte<\/h3>\n<p>Unter den angegebenen Kontaktdaten k\u00f6nnen Sie jederzeit folgende Rechte aus\u00fcben:<\/p>\n<ul>\n<li>Auskunft \u00fcber Ihre bei uns gespeicherten Daten und deren Verarbeitung,<\/li>\n<li>Berichtigung unrichtiger personenbezogener Daten,<\/li>\n<li>L\u00f6schung Ihrer bei uns gespeicherten Daten,<\/li>\n<li>Einschr\u00e4nkung der Datenverarbeitung, sofern wir Ihre Daten aufgrund gesetzlicher Pflichten noch nicht l\u00f6schen d\u00fcrfen,<\/li>\n<li>Widerspruch gegen die Verarbeitung Ihrer Daten bei uns und<\/li>\n<li>Daten\u00fcbertragbarkeit, sofern Sie in die Datenverarbeitung eingewilligt haben oder einen Vertrag mit uns abgeschlossen haben.<\/li>\n<\/ul>\n<p>Sofern Sie uns eine Einwilligung erteilt haben, k\u00f6nnen Sie diese jederzeit mit Wirkung f\u00fcr die Zukunft widerrufen.<\/p>\n<p>Sie k\u00f6nnen sich jederzeit mit einer Beschwerde an die f\u00fcr Sie zust\u00e4ndige Aufsichtsbeh\u00f6rde wenden. Ihre zust\u00e4ndige Aufsichtsbeh\u00f6rde richtet sich nach dem Bundesland Ihres Wohnsitzes, Ihrer Arbeit oder der mutma\u00dflichen Verletzung. Eine Liste der Aufsichtsbeh\u00f6rden (f\u00fcr den nicht\u00f6ffentlichen Bereich) mit Anschrift finden Sie unter:\u00a0<a href=\"https:\/\/www.bfdi.bund.de\/DE\/Infothek\/Anschriften_Links\/anschriften_links-node.html\">https:\/\/www.bfdi.bund.de\/DE\/Infothek\/Anschriften_Links\/anschriften_links-node.html<\/a>.<\/p>\n<h3>Zwecke der Datenverarbeitung durch die verantwortliche Stelle und Dritte<\/h3>\n<p>Wir verarbeiten Ihre personenbezogenen Daten nur zu den in dieser Datenschutzerkl\u00e4rung genannten Zwecken. Eine \u00dcbermittlung Ihrer pers\u00f6nlichen Daten an Dritte zu anderen als den genannten Zwecken findet nicht statt. Wir geben Ihre pers\u00f6nlichen Daten nur an Dritte weiter, wenn:<\/p>\n<ul>\n<li>Sie Ihre ausdr\u00fcckliche Einwilligung dazu erteilt haben,<\/li>\n<li>die Verarbeitung zur Abwicklung eines Vertrags mit Ihnen erforderlich ist,<\/li>\n<li>die Verarbeitung zur Erf\u00fcllung einer rechtlichen Verpflichtung erforderlich ist,<\/li>\n<\/ul>\n<p>die Verarbeitung zur Wahrung berechtigter Interessen erforderlich ist und kein Grund zur Annahme besteht, dass Sie ein \u00fcberwiegendes schutzw\u00fcrdiges Interesse an der Nichtweitergabe Ihrer Daten haben.<\/p>\n<h3>L\u00f6schung bzw. Sperrung der Daten<\/h3>\n<p>Wir halten uns an die Grunds\u00e4tze der Datenvermeidung und Datensparsamkeit. Wir speichern Ihre personenbezogenen Daten daher nur so lange, wie dies zur Erreichung der hier genannten Zwecke erforderlich ist oder wie es die vom Gesetzgeber vorgesehenen vielf\u00e4ltigen Speicherfristen vorsehen. Nach Fortfall des jeweiligen Zweckes bzw. Ablauf dieser Fristen werden die entsprechenden Daten routinem\u00e4\u00dfig und entsprechend den gesetzlichen Vorschriften gesperrt oder gel\u00f6scht.<\/p>\n<h2>Datenverarbeitung auf dieser Internetseite<\/h2>\n<h3>SSL- bzw. TLS-Verschl\u00fcsselung<\/h3>\n<p>Wir nutzen f\u00fcr unsere Internetseiten aus Gr\u00fcnden der Sicherheit und zum Schutz der \u00dcbertragung vertraulicher Inhalte, wie zum Beispiel der Anfragen, die Sie an uns als Seitenbetreiber senden, eine SSL-Verschl\u00fcsselung. Eine verschl\u00fcsselte Verbindung erkennen Sie daran, dass die Adresszeile des Browsers von \u201chttp:\/\/\u201d auf \u201chttps:\/\/\u201d wechselt und an dem Schloss-Symbol in Ihrer Browserzeile. Wenn die SSL Verschl\u00fcsselung aktiviert ist, k\u00f6nnen die Daten, die Sie an uns \u00fcbermitteln, nicht von Dritten mitgelesen werden.<\/p>\n<h3>Zugriffsdaten und Server-Logfiles<\/h3>\n<p>Wenn Sie auf unsere Website zugreifen, werden automatisch mittels eines Cookies Informationen allgemeiner Natur erfasst. Diese Informationen (Server-Logfiles) beinhalten etwa die Art des Webbrowsers, das verwendete Betriebssystem, den Domainnamen Ihres Internet-Service-Providers und \u00e4hnliches. Hierbei handelt es sich ausschlie\u00dflich um Informationen, welche keine R\u00fcckschl\u00fcsse auf Ihre Person zulassen.<\/p>\n<p>Diese Informationen sind technisch notwendig, um von Ihnen angeforderte Inhalte von Webseiten korrekt auszuliefern und fallen bei Nutzung des Internets zwingend an. Sie werden insbesondere zu folgenden Zwecken verarbeitet:<\/p>\n<ul>\n<li>Sicherstellung eines problemlosen Verbindungsaufbaus der Website,<\/li>\n<li>Sicherstellung einer reibungslosen Nutzung unserer Website,<\/li>\n<li>Auswertung der Systemsicherheit und -stabilit\u00e4t sowie<\/li>\n<li>zu weiteren administrativen Zwecken.<\/li>\n<\/ul>\n<p>Die Verarbeitung Ihrer personenbezogenen Daten basiert auf unserem berechtigten Interesse aus den vorgenannten Zwecken zur Datenerhebung. Wir verwenden Ihre Daten nicht, um R\u00fcckschl\u00fcsse auf Ihre Person zu ziehen. Empf\u00e4nger der Daten sind nur die verantwortliche Stelle und ggf. Auftragsverarbeiter.<\/p>\n<p>Anonyme Informationen dieser Art werden von uns ggfs. statistisch ausgewertet, um unseren Internetauftritt und die dahinterstehende Technik zu optimieren.<\/p>\n<h3>Kontaktformular<\/h3>\n<p>Treten Sie bzgl. Fragen jeglicher Art per E-Mail oder Kontaktformular mit uns in Kontakt, erteilen Sie uns zum Zwecke der Kontaktaufnahme Ihre freiwillige Einwilligung. Hierf\u00fcr ist die Angabe einer validen E-Mail-Adresse erforderlich. Diese dient der Zuordnung der Anfrage und der anschlie\u00dfenden Beantwortung derselben. Die Angabe weiterer Daten ist optional. Die von Ihnen gemachten Angaben werden zum Zwecke der Bearbeitung der Anfrage sowie f\u00fcr m\u00f6gliche Anschlussfragen gespeichert. Nach Erledigung der von Ihnen gestellten Anfrage werden personenbezogene Daten automatisch gel\u00f6scht.<\/p>\n<h3>Google reCAPTCHA<\/h3>\n<p>Auf dieser Website verwenden wir auch die reCAPTCHA Funktion von Google Ireland Limited, Gordon House, 4 Barrow St, Dublin, D04 E5W5, Irland (\u201eGoogle\u201c). Diese Funktion dient vor allem zur Unterscheidung, ob eine Eingabe durch eine nat\u00fcrliche Person erfolgt oder missbr\u00e4uchlich durch maschinelle und automatisierte Verarbeitung erfolgt. Der Dienst umfasst den Versand der IP-Adresse und ggf. weiterer von Google f\u00fcr den Dienst reCAPTCHA ben\u00f6tigter Daten an Google und erfolgt gem\u00e4\u00df Art. 6 Abs. 1 lit. f DSGVO auf Basis unseres berechtigten Interesses an der Feststellung der individuellen Eigenverantwortung im Internet und der Vermeidung von Missbrauch und Spam. Im Rahmen der Nutzung von Google reCAPTCHA kann es auch zu einer \u00dcbermittlung von personenbezogenen Daten an die Server der Google LLC. in den USA kommen.<\/p>\n<p>Weiterf\u00fchrende Informationen zu Google reCAPTCHA sowie die Datenschutzerkl\u00e4rung von Google k\u00f6nnen Sie einsehen unter: https:\/\/www.google.com\/intl\/de\/policies\/privacy\/<\/p>\n<h3>Cookies<\/h3>\n<p>Wie viele andere Webseiten verwenden wir auch so genannte \u201eCookies\u201c. Cookies sind kleine Textdateien, die von einem Websiteserver auf Ihre Festplatte \u00fcbertragen werden. Hierdurch erhalten wir automatisch bestimmte Daten wie z. B. IP-Adresse, verwendeter Browser, Betriebssystem und Ihre Verbindung zum Internet.<\/p>\n<p>Cookies k\u00f6nnen nicht verwendet werden, um Programme zu starten oder Viren auf einen Computer zu \u00fcbertragen. Anhand der in Cookies enthaltenen Informationen k\u00f6nnen wir Ihnen die Navigation erleichtern und die korrekte Anzeige unserer Webseiten erm\u00f6glichen.<\/p>\n<p>In keinem Fall werden die von uns erfassten Daten an Dritte weitergegeben oder ohne Ihre Einwilligung eine Verkn\u00fcpfung mit personenbezogenen Daten hergestellt.<\/p>\n<p>Nat\u00fcrlich k\u00f6nnen Sie unsere Website grunds\u00e4tzlich auch ohne Cookies betrachten. Internet-Browser sind regelm\u00e4\u00dfig so eingestellt, dass sie Cookies akzeptieren. Im Allgemeinen k\u00f6nnen Sie die Verwendung von Cookies jederzeit \u00fcber die Einstellungen Ihres Browsers deaktivieren. Bitte verwenden Sie die Hilfefunktionen Ihres Internetbrowsers, um zu erfahren, wie Sie diese Einstellungen \u00e4ndern k\u00f6nnen. Bitte beachten Sie, dass einzelne Funktionen unserer Website m\u00f6glicherweise nicht funktionieren, wenn Sie die Verwendung von Cookies deaktiviert haben.<\/p>\n<h3>Eingebettete YouTube-Videos<\/h3>\n<p>Auf einigen unserer Webseiten betten wir Youtube-Videos ein. Betreiber der entsprechenden Plugins ist die YouTube, LLC, 901 Cherry Ave., San Bruno, CA 94066, USA. Wenn Sie eine Seite mit dem YouTube-Plugin besuchen, wird eine Verbindung zu Servern von Youtube hergestellt. Dabei wird Youtube mitgeteilt, welche Seiten Sie besuchen. Wenn Sie in Ihrem Youtube-Account eingeloggt sind, kann Youtube Ihr Surfverhalten Ihnen pers\u00f6nlich zuzuordnen. Dies verhindern Sie, indem Sie sich vorher aus Ihrem Youtube-Account ausloggen.<\/p>\n<p>Wird ein Youtube-Video gestartet, setzt der Anbieter Cookies ein, die Hinweise \u00fcber das Nutzerverhalten sammeln.<\/p>\n<p>Wer das Speichern von Cookies f\u00fcr das Google-Ad-Programm deaktiviert hat, wird auch beim Anschauen von Youtube-Videos mit keinen solchen Cookies rechnen m\u00fcssen. Youtube legt aber auch in anderen Cookies nicht-personenbezogene Nutzungsinformationen ab. M\u00f6chten Sie dies verhindern, so m\u00fcssen Sie das Speichern von Cookies im Browser blockieren.<\/p>\n<p>Weitere Informationen zum Datenschutz bei \u201eYoutube\u201c finden Sie in der Datenschutzerkl\u00e4rung des Anbieters unter:\u00a0<a href=\"https:\/\/www.google.de\/intl\/de\/policies\/privacy\/\">https:\/\/www.google.de\/intl\/de\/policies\/privacy\/<\/a><\/p>\n<h2>Quellen-Angaben<\/h2>\n<p>Einige Texte unserer Datenschutzerkl\u00e4rung haben als Basis, im Auszug oder vollst\u00e4ndig als Quelle die folgenden Internetseiten:<\/p>\n<ul>\n<li>Datenschutzerkl\u00e4rungs-Generator der activeMind AG.<br \/>\n(<a href=\"https:\/\/www.activemind.de\/datenschutz\/datenschutzhinweis-generator\/\">https:\/\/www.activemind.de\/datenschutz\/datenschutzhinweis-generator\/<\/a>)<\/li>\n<li>Datenschutzerkl\u00e4rungs-Generator der DGD Deutsche Gesellschaft f\u00fcr Datenschutz GmbH in Kooperation mit dem Rechtsanwalt f\u00fcr Datenschutzrecht Christian Solmecke.<br \/>\n(<a href=\"https:\/\/dsgvo-muster-datenschutzerklaerung.dg-datenschutz.de\/\">https:\/\/dsgvo-muster-datenschutzerklaerung.dg-datenschutz.de\/<\/a>)<\/li>\n<\/ul>\n<h2>Stand und Aktualisierung unserer Datenschutzbestimmungen<\/h2>\n<p>Diese Datenschutzerkl\u00e4rung hat den Stand vom 01. Mai 2025. Wir behalten uns vor, diese Datenschutzerkl\u00e4rung anzupassen, damit sie stets den aktuellen rechtlichen Anforderungen entspricht oder um \u00c4nderungen unserer Leistungen in der Datenschutzerkl\u00e4rung umzusetzen, z.B. bei der Einf\u00fchrung neuer Services. F\u00fcr Ihren erneuten Besuch gilt dann die neue Datenschutzerkl\u00e4rung.<\/p>\n<\/div><\/section><\/div>\n<style type=\"text\/css\" data-created_by=\"avia_inline_auto\" id=\"style-css-av-5her-c6d5b44fbddeb54eb79639c6b2ce7836\">\n.flex_column.av-5her-c6d5b44fbddeb54eb79639c6b2ce7836{\n-webkit-border-radius:0px 0px 0px 0px;\n-moz-border-radius:0px 0px 0px 0px;\nborder-radius:0px 0px 0px 0px;\npadding:0px 0px 0px 0px;\n}\n<\/style>\n<div class='flex_column av-5her-c6d5b44fbddeb54eb79639c6b2ce7836 av_one_third  avia-builder-el-3  el_after_av_two_third  avia-builder-el-last  flex_column_div av-zero-column-padding '     ><div  class='avia-builder-widget-area clearfix  avia-builder-el-4  avia-builder-el-no-sibling '><section id=\"avia_auto_toc-2\" class=\"widget-odd widget-last widget-first widget-1 widget clearfix avia-widget-container avia_auto_toc avia_no_block_preview\"><div class=\"avia-preview-headline\">KME Table of Contents<\/div><div class=\"avia-preview-info\">Title: <\/div><div class=\"avia-preview-in-front\">Table can only be rendered in frontend.<\/div><span class=\"seperator extralight-border\"><\/span><\/section><\/div><\/div><\/p>\n","protected":false},"excerpt":{"rendered":"","protected":false},"author":1,"featured_media":0,"parent":0,"menu_order":0,"comment_status":"closed","ping_status":"open","template":"","meta":{"footnotes":""},"class_list":["post-255","page","type-page","status-publish","hentry"],"yoast_head":"<!-- This site is optimized with the Yoast SEO plugin v27.3 - https:\/\/yoast.com\/product\/yoast-seo-wordpress\/ -->\n<title>Datenschutzerkl\u00e4rung - Konrad Engel<\/title>\n<meta name=\"robots\" content=\"noindex, nofollow\" \/>\n<meta property=\"og:locale\" content=\"en_US\" \/>\n<meta property=\"og:type\" content=\"article\" \/>\n<meta property=\"og:title\" content=\"Datenschutzerkl\u00e4rung - Konrad Engel\" \/>\n<meta property=\"og:url\" content=\"https:\/\/www.konrad-engel.de\/en\/datenschutz\/\" \/>\n<meta property=\"og:site_name\" content=\"Konrad Engel\" \/>\n<meta property=\"article:modified_time\" content=\"2025-05-20T15:03:14+00:00\" \/>\n<meta name=\"twitter:card\" content=\"summary_large_image\" \/>\n<meta name=\"twitter:label1\" content=\"Est. reading time\" \/>\n\t<meta name=\"twitter:data1\" content=\"10 minutes\" \/>\n<script type=\"application\/ld+json\" class=\"yoast-schema-graph\">{\"@context\":\"https:\\\/\\\/schema.org\",\"@graph\":[{\"@type\":\"WebPage\",\"@id\":\"https:\\\/\\\/www.konrad-engel.de\\\/en\\\/datenschutz\\\/\",\"url\":\"https:\\\/\\\/www.konrad-engel.de\\\/en\\\/datenschutz\\\/\",\"name\":\"Datenschutzerkl\u00e4rung - Konrad Engel\",\"isPartOf\":{\"@id\":\"https:\\\/\\\/www.konrad-engel.de\\\/en\\\/#website\"},\"datePublished\":\"2020-07-19T18:19:18+00:00\",\"dateModified\":\"2025-05-20T15:03:14+00:00\",\"breadcrumb\":{\"@id\":\"https:\\\/\\\/www.konrad-engel.de\\\/en\\\/datenschutz\\\/#breadcrumb\"},\"inLanguage\":\"en-US\",\"potentialAction\":[{\"@type\":\"ReadAction\",\"target\":[\"https:\\\/\\\/www.konrad-engel.de\\\/en\\\/datenschutz\\\/\"]}]},{\"@type\":\"BreadcrumbList\",\"@id\":\"https:\\\/\\\/www.konrad-engel.de\\\/en\\\/datenschutz\\\/#breadcrumb\",\"itemListElement\":[{\"@type\":\"ListItem\",\"position\":1,\"name\":\"Startseite\",\"item\":\"https:\\\/\\\/www.konrad-engel.de\\\/en\\\/\"},{\"@type\":\"ListItem\",\"position\":2,\"name\":\"Datenschutzerkl\u00e4rung\"}]},{\"@type\":\"WebSite\",\"@id\":\"https:\\\/\\\/www.konrad-engel.de\\\/en\\\/#website\",\"url\":\"https:\\\/\\\/www.konrad-engel.de\\\/en\\\/\",\"name\":\"Konrad Engel\",\"description\":\"Klavierp\u00e4dagoge, Pianist\",\"publisher\":{\"@id\":\"https:\\\/\\\/www.konrad-engel.de\\\/en\\\/#\\\/schema\\\/person\\\/f64df546cd06529805c129dcaa3bcd3a\"},\"potentialAction\":[{\"@type\":\"SearchAction\",\"target\":{\"@type\":\"EntryPoint\",\"urlTemplate\":\"https:\\\/\\\/www.konrad-engel.de\\\/en\\\/?s={search_term_string}\"},\"query-input\":{\"@type\":\"PropertyValueSpecification\",\"valueRequired\":true,\"valueName\":\"search_term_string\"}}],\"inLanguage\":\"en-US\"},{\"@type\":[\"Person\",\"Organization\"],\"@id\":\"https:\\\/\\\/www.konrad-engel.de\\\/en\\\/#\\\/schema\\\/person\\\/f64df546cd06529805c129dcaa3bcd3a\",\"name\":\"Konrad Engel\",\"logo\":{\"@id\":\"https:\\\/\\\/www.konrad-engel.de\\\/en\\\/#\\\/schema\\\/person\\\/image\\\/\"}}]}<\/script>\n<!-- \/ Yoast SEO plugin. -->","yoast_head_json":{"title":"Datenschutzerkl\u00e4rung - Konrad Engel","robots":{"index":"noindex","follow":"nofollow"},"og_locale":"en_US","og_type":"article","og_title":"Datenschutzerkl\u00e4rung - Konrad Engel","og_url":"https:\/\/www.konrad-engel.de\/en\/datenschutz\/","og_site_name":"Konrad Engel","article_modified_time":"2025-05-20T15:03:14+00:00","twitter_card":"summary_large_image","twitter_misc":{"Est. reading time":"10 minutes"},"schema":{"@context":"https:\/\/schema.org","@graph":[{"@type":"WebPage","@id":"https:\/\/www.konrad-engel.de\/en\/datenschutz\/","url":"https:\/\/www.konrad-engel.de\/en\/datenschutz\/","name":"Datenschutzerkl\u00e4rung - Konrad Engel","isPartOf":{"@id":"https:\/\/www.konrad-engel.de\/en\/#website"},"datePublished":"2020-07-19T18:19:18+00:00","dateModified":"2025-05-20T15:03:14+00:00","breadcrumb":{"@id":"https:\/\/www.konrad-engel.de\/en\/datenschutz\/#breadcrumb"},"inLanguage":"en-US","potentialAction":[{"@type":"ReadAction","target":["https:\/\/www.konrad-engel.de\/en\/datenschutz\/"]}]},{"@type":"BreadcrumbList","@id":"https:\/\/www.konrad-engel.de\/en\/datenschutz\/#breadcrumb","itemListElement":[{"@type":"ListItem","position":1,"name":"Startseite","item":"https:\/\/www.konrad-engel.de\/en\/"},{"@type":"ListItem","position":2,"name":"Datenschutzerkl\u00e4rung"}]},{"@type":"WebSite","@id":"https:\/\/www.konrad-engel.de\/en\/#website","url":"https:\/\/www.konrad-engel.de\/en\/","name":"Konrad Engel","description":"Klavierp\u00e4dagoge, Pianist","publisher":{"@id":"https:\/\/www.konrad-engel.de\/en\/#\/schema\/person\/f64df546cd06529805c129dcaa3bcd3a"},"potentialAction":[{"@type":"SearchAction","target":{"@type":"EntryPoint","urlTemplate":"https:\/\/www.konrad-engel.de\/en\/?s={search_term_string}"},"query-input":{"@type":"PropertyValueSpecification","valueRequired":true,"valueName":"search_term_string"}}],"inLanguage":"en-US"},{"@type":["Person","Organization"],"@id":"https:\/\/www.konrad-engel.de\/en\/#\/schema\/person\/f64df546cd06529805c129dcaa3bcd3a","name":"Konrad Engel","logo":{"@id":"https:\/\/www.konrad-engel.de\/en\/#\/schema\/person\/image\/"}}]}},"_links":{"self":[{"href":"https:\/\/www.konrad-engel.de\/en\/wp-json\/wp\/v2\/pages\/255","targetHints":{"allow":["GET"]}}],"collection":[{"href":"https:\/\/www.konrad-engel.de\/en\/wp-json\/wp\/v2\/pages"}],"about":[{"href":"https:\/\/www.konrad-engel.de\/en\/wp-json\/wp\/v2\/types\/page"}],"author":[{"embeddable":true,"href":"https:\/\/www.konrad-engel.de\/en\/wp-json\/wp\/v2\/users\/1"}],"replies":[{"embeddable":true,"href":"https:\/\/www.konrad-engel.de\/en\/wp-json\/wp\/v2\/comments?post=255"}],"version-history":[{"count":4,"href":"https:\/\/www.konrad-engel.de\/en\/wp-json\/wp\/v2\/pages\/255\/revisions"}],"predecessor-version":[{"id":1040,"href":"https:\/\/www.konrad-engel.de\/en\/wp-json\/wp\/v2\/pages\/255\/revisions\/1040"}],"wp:attachment":[{"href":"https:\/\/www.konrad-engel.de\/en\/wp-json\/wp\/v2\/media?parent=255"}],"curies":[{"name":"wp","href":"https:\/\/api.w.org\/{rel}","templated":true}]}}